{"id":4857,"date":"2025-12-22T14:45:35","date_gmt":"2025-12-22T19:45:35","guid":{"rendered":"https:\/\/montcascades.ca\/?page_id=4857"},"modified":"2025-12-22T15:05:42","modified_gmt":"2025-12-22T20:05:42","slug":"aqua","status":"publish","type":"page","link":"https:\/\/montcascades.ca\/fr\/aqua\/","title":{"rendered":"Aqua"},"content":{"rendered":"\t\t<div data-elementor-type=\"wp-page\" data-elementor-id=\"4857\" class=\"elementor elementor-4857\" data-elementor-post-type=\"page\">\n\t\t\t\t<div class=\"elementor-element elementor-element-d18571a e-flex e-con-boxed e-con e-parent\" data-id=\"d18571a\" data-element_type=\"container\" data-settings=\"{&quot;background_background&quot;:&quot;classic&quot;}\">\n\t\t\t\t\t<div class=\"e-con-inner\">\n\t\t<div class=\"elementor-element elementor-element-17cf90e e-flex e-con-boxed e-con e-child\" data-id=\"17cf90e\" data-element_type=\"container\">\n\t\t\t\t\t<div class=\"e-con-inner\">\n\t\t\t\t<div class=\"elementor-element elementor-element-73865d6 elementor-widget elementor-widget-heading\" data-id=\"73865d6\" data-element_type=\"widget\" data-widget_type=\"heading.default\">\n\t\t\t\t\t<h1 class=\"elementor-heading-title elementor-size-default\">Aqua arrive bient\u00f4t<\/h1>\t\t\t\t<\/div>\n\t\t\t\t<div class=\"elementor-element elementor-element-815f63c p-last-mb-0 elementor-widget__width-initial elementor-widget elementor-widget-text-editor\" data-id=\"815f63c\" data-element_type=\"widget\" data-widget_type=\"text-editor.default\">\n\t\t\t\t\t\t\t\t\t<p>Le site Web du parc aquatique Mont Cascades Aqua est pr\u00e9sentement en construction pour la saison hivernale. Nous mettons \u00e0 jour nos pages afin de vous offrir une exp\u00e9rience renouvel\u00e9e avant l&rsquo;\u00e9t\u00e9.<\/p><p>Les informations, les horaires et les mises \u00e0 jour concernant le parc aquatique seront de nouveau disponibles \u00e0 l&rsquo;approche de la r\u00e9ouverture.<\/p><p>Nous vous remercions de votre patience pendant que nous nous pr\u00e9parons pour la saison \u00e0 venir.<\/p><p>D&rsquo;ici l\u00e0, la station de ski Mont Cascades est ouverte et accueille les visiteurs pour la saison hivernale \u00e0 venir. Visitez le site principal pour conna\u00eetre les conditions d&rsquo;enneigement, acheter des billets ou en savoir plus sur nos programmes.<\/p>\t\t\t\t\t\t\t\t<\/div>\n\t\t\t\t<div class=\"elementor-element elementor-element-2a9493b elementor-mobile-align-center elementor-align-center elementor-widget elementor-widget-button\" data-id=\"2a9493b\" data-element_type=\"widget\" data-widget_type=\"button.default\">\n\t\t\t\t\t\t\t\t\t\t<a class=\"elementor-button elementor-button-link elementor-size-sm\" href=\"\/fr\/ski\/\">\n\t\t\t\t\t\t<span class=\"elementor-button-content-wrapper\">\n\t\t\t\t\t\t\t\t\t<span class=\"elementor-button-text\">Retour \u00e0 Mont Cascades Ski<\/span>\n\t\t\t\t\t<\/span>\n\t\t\t\t\t<\/a>\n\t\t\t\t\t\t\t\t<\/div>\n\t\t\t\t\t<\/div>\n\t\t\t\t<\/div>\n\t\t\t\t\t<\/div>\n\t\t\t\t<\/div>\n\t\t\t\t<\/div>\n\t\t","protected":false},"excerpt":{"rendered":"<p>Aqua arrive bient\u00f4t Le site Web du parc aquatique Mont Cascades Aqua est pr\u00e9sentement en construction pour la saison hivernale. Nous mettons \u00e0 jour nos pages afin de vous offrir [&hellip;]<\/p>\n","protected":false},"author":9,"featured_media":0,"parent":0,"menu_order":0,"comment_status":"closed","ping_status":"closed","template":"","meta":{"_acf_changed":false,"footnotes":""},"class_list":["post-4857","page","type-page","status-publish","hentry"],"acf":[],"yoast_head":"<!-- This site is optimized with the Yoast SEO plugin v27.0 - https:\/\/yoast.com\/product\/yoast-seo-wordpress\/ -->\n<title>Aqua - Mont Cascades<\/title>\n<meta name=\"robots\" content=\"index, follow, max-snippet:-1, max-image-preview:large, max-video-preview:-1\" \/>\n<link rel=\"canonical\" href=\"https:\/\/montcascades.ca\/fr\/aqua\/\" \/>\n<meta property=\"og:locale\" content=\"fr_FR\" \/>\n<meta property=\"og:type\" content=\"article\" \/>\n<meta property=\"og:title\" content=\"Aqua - Mont Cascades\" \/>\n<meta property=\"og:description\" content=\"Aqua arrive bient\u00f4t Le site Web du parc aquatique Mont Cascades Aqua est pr\u00e9sentement en construction pour la saison hivernale. Nous mettons \u00e0 jour nos pages afin de vous offrir [&hellip;]\" \/>\n<meta property=\"og:url\" content=\"https:\/\/montcascades.ca\/fr\/aqua\/\" \/>\n<meta property=\"og:site_name\" content=\"Mont Cascades\" \/>\n<meta property=\"article:modified_time\" content=\"2025-12-22T20:05:42+00:00\" \/>\n<meta name=\"twitter:card\" content=\"summary_large_image\" \/>\n<meta name=\"twitter:label1\" content=\"Dur\u00e9e de lecture estim\u00e9e\" \/>\n\t<meta name=\"twitter:data1\" content=\"1 minute\" \/>\n<script type=\"application\/ld+json\" class=\"yoast-schema-graph\">{\"@context\":\"https:\/\/schema.org\",\"@graph\":[{\"@type\":\"WebPage\",\"@id\":\"https:\/\/montcascades.ca\/fr\/aqua\/\",\"url\":\"https:\/\/montcascades.ca\/fr\/aqua\/\",\"name\":\"Aqua - Mont Cascades\",\"isPartOf\":{\"@id\":\"https:\/\/montcascades.ca\/fr\/#website\"},\"datePublished\":\"2025-12-22T19:45:35+00:00\",\"dateModified\":\"2025-12-22T20:05:42+00:00\",\"breadcrumb\":{\"@id\":\"https:\/\/montcascades.ca\/fr\/aqua\/#breadcrumb\"},\"inLanguage\":\"fr-FR\",\"potentialAction\":[{\"@type\":\"ReadAction\",\"target\":[\"https:\/\/montcascades.ca\/fr\/aqua\/\"]}]},{\"@type\":\"BreadcrumbList\",\"@id\":\"https:\/\/montcascades.ca\/fr\/aqua\/#breadcrumb\",\"itemListElement\":[{\"@type\":\"ListItem\",\"position\":1,\"name\":\"Home\",\"item\":\"https:\/\/montcascades.ca\/fr\/\"},{\"@type\":\"ListItem\",\"position\":2,\"name\":\"Aqua\"}]},{\"@type\":\"WebSite\",\"@id\":\"https:\/\/montcascades.ca\/fr\/#website\",\"url\":\"https:\/\/montcascades.ca\/fr\/\",\"name\":\"Mont Cascades\",\"description\":\"Mont Cascades Ski Resort; the family ski centre only 20 minutes from Ottawa.\",\"publisher\":{\"@id\":\"https:\/\/montcascades.ca\/fr\/#organization\"},\"potentialAction\":[{\"@type\":\"SearchAction\",\"target\":{\"@type\":\"EntryPoint\",\"urlTemplate\":\"https:\/\/montcascades.ca\/fr\/?s={search_term_string}\"},\"query-input\":{\"@type\":\"PropertyValueSpecification\",\"valueRequired\":true,\"valueName\":\"search_term_string\"}}],\"inLanguage\":\"fr-FR\"},{\"@type\":\"Organization\",\"@id\":\"https:\/\/montcascades.ca\/fr\/#organization\",\"name\":\"Mont Cascades\",\"url\":\"https:\/\/montcascades.ca\/fr\/\",\"logo\":{\"@type\":\"ImageObject\",\"inLanguage\":\"fr-FR\",\"@id\":\"https:\/\/montcascades.ca\/fr\/#\/schema\/logo\/image\/\",\"url\":\"https:\/\/montcascades.ca\/wp-content\/uploads\/2024\/12\/mont-cascades-logo.svg\",\"contentUrl\":\"https:\/\/montcascades.ca\/wp-content\/uploads\/2024\/12\/mont-cascades-logo.svg\",\"width\":158,\"height\":41,\"caption\":\"Mont Cascades\"},\"image\":{\"@id\":\"https:\/\/montcascades.ca\/fr\/#\/schema\/logo\/image\/\"}}]}<\/script>\n<!-- \/ Yoast SEO plugin. -->","yoast_head_json":{"title":"Aqua - Mont Cascades","robots":{"index":"index","follow":"follow","max-snippet":"max-snippet:-1","max-image-preview":"max-image-preview:large","max-video-preview":"max-video-preview:-1"},"canonical":"https:\/\/montcascades.ca\/fr\/aqua\/","og_locale":"fr_FR","og_type":"article","og_title":"Aqua - Mont Cascades","og_description":"Aqua arrive bient\u00f4t Le site Web du parc aquatique Mont Cascades Aqua est pr\u00e9sentement en construction pour la saison hivernale. Nous mettons \u00e0 jour nos pages afin de vous offrir [&hellip;]","og_url":"https:\/\/montcascades.ca\/fr\/aqua\/","og_site_name":"Mont Cascades","article_modified_time":"2025-12-22T20:05:42+00:00","twitter_card":"summary_large_image","twitter_misc":{"Dur\u00e9e de lecture estim\u00e9e":"1 minute"},"schema":{"@context":"https:\/\/schema.org","@graph":[{"@type":"WebPage","@id":"https:\/\/montcascades.ca\/fr\/aqua\/","url":"https:\/\/montcascades.ca\/fr\/aqua\/","name":"Aqua - Mont Cascades","isPartOf":{"@id":"https:\/\/montcascades.ca\/fr\/#website"},"datePublished":"2025-12-22T19:45:35+00:00","dateModified":"2025-12-22T20:05:42+00:00","breadcrumb":{"@id":"https:\/\/montcascades.ca\/fr\/aqua\/#breadcrumb"},"inLanguage":"fr-FR","potentialAction":[{"@type":"ReadAction","target":["https:\/\/montcascades.ca\/fr\/aqua\/"]}]},{"@type":"BreadcrumbList","@id":"https:\/\/montcascades.ca\/fr\/aqua\/#breadcrumb","itemListElement":[{"@type":"ListItem","position":1,"name":"Home","item":"https:\/\/montcascades.ca\/fr\/"},{"@type":"ListItem","position":2,"name":"Aqua"}]},{"@type":"WebSite","@id":"https:\/\/montcascades.ca\/fr\/#website","url":"https:\/\/montcascades.ca\/fr\/","name":"Mont Cascades","description":"Mont Cascades Ski Resort; the family ski centre only 20 minutes from Ottawa.","publisher":{"@id":"https:\/\/montcascades.ca\/fr\/#organization"},"potentialAction":[{"@type":"SearchAction","target":{"@type":"EntryPoint","urlTemplate":"https:\/\/montcascades.ca\/fr\/?s={search_term_string}"},"query-input":{"@type":"PropertyValueSpecification","valueRequired":true,"valueName":"search_term_string"}}],"inLanguage":"fr-FR"},{"@type":"Organization","@id":"https:\/\/montcascades.ca\/fr\/#organization","name":"Mont Cascades","url":"https:\/\/montcascades.ca\/fr\/","logo":{"@type":"ImageObject","inLanguage":"fr-FR","@id":"https:\/\/montcascades.ca\/fr\/#\/schema\/logo\/image\/","url":"https:\/\/montcascades.ca\/wp-content\/uploads\/2024\/12\/mont-cascades-logo.svg","contentUrl":"https:\/\/montcascades.ca\/wp-content\/uploads\/2024\/12\/mont-cascades-logo.svg","width":158,"height":41,"caption":"Mont Cascades"},"image":{"@id":"https:\/\/montcascades.ca\/fr\/#\/schema\/logo\/image\/"}}]}},"_links":{"self":[{"href":"https:\/\/montcascades.ca\/fr\/wp-json\/wp\/v2\/pages\/4857","targetHints":{"allow":["GET"]}}],"collection":[{"href":"https:\/\/montcascades.ca\/fr\/wp-json\/wp\/v2\/pages"}],"about":[{"href":"https:\/\/montcascades.ca\/fr\/wp-json\/wp\/v2\/types\/page"}],"author":[{"embeddable":true,"href":"https:\/\/montcascades.ca\/fr\/wp-json\/wp\/v2\/users\/9"}],"replies":[{"embeddable":true,"href":"https:\/\/montcascades.ca\/fr\/wp-json\/wp\/v2\/comments?post=4857"}],"version-history":[{"count":7,"href":"https:\/\/montcascades.ca\/fr\/wp-json\/wp\/v2\/pages\/4857\/revisions"}],"predecessor-version":[{"id":4882,"href":"https:\/\/montcascades.ca\/fr\/wp-json\/wp\/v2\/pages\/4857\/revisions\/4882"}],"wp:attachment":[{"href":"https:\/\/montcascades.ca\/fr\/wp-json\/wp\/v2\/media?parent=4857"}],"curies":[{"name":"wp","href":"https:\/\/api.w.org\/{rel}","templated":true}]}}