{"id":4374,"date":"2025-12-16T11:56:25","date_gmt":"2025-12-16T16:56:25","guid":{"rendered":"https:\/\/montcascade.s2.whc.webmarketersdev.ca\/politiques-et-conditions-generales-des-abonnements-de-saison\/"},"modified":"2026-03-13T10:59:30","modified_gmt":"2026-03-13T14:59:30","slug":"politiques-et-conditions-generales-des-abonnements-de-saison","status":"publish","type":"page","link":"https:\/\/montcascades.ca\/fr\/ski\/politiques-et-conditions-generales-des-abonnements-de-saison\/","title":{"rendered":"Politiques et conditions g\u00e9n\u00e9rales des abonnements de saison"},"content":{"rendered":"\t\t<div data-elementor-type=\"wp-page\" data-elementor-id=\"4374\" class=\"elementor elementor-4374 elementor-4172\" data-elementor-post-type=\"page\">\n\t\t\t\t<div class=\"elementor-element elementor-element-301bb2b8 e-flex e-con-boxed e-con e-parent\" data-id=\"301bb2b8\" data-element_type=\"container\" data-e-type=\"container\">\n\t\t\t\t\t<div class=\"e-con-inner\">\n\t\t\t\t<div class=\"elementor-element elementor-element-20d8fa19 elementor-widget elementor-widget-text-editor\" data-id=\"20d8fa19\" data-element_type=\"widget\" data-e-type=\"widget\" data-widget_type=\"text-editor.default\">\n\t\t\t\t\t\t\t\t\t<h1><b>POLITIQUES ET CONDITIONS G\u00c9N\u00c9RALES DES ABONNEMENTS DE SAISON<\/b><\/h1><p><strong>VEUILLEZ LIRE ATTENTIVEMENT \u2013 CONDITIONS D\u2019ACHAT<\/strong><\/p><p><b>Saison de ski et de planche \u00e0 neige 2026-2027<\/b><\/p><p>La ou les personnes nomm\u00e9es dans cette demande assument tous les risques de blessures corporelles, de pertes ou de dommages mat\u00e9riels. Tous les abonnements sont \u00e9mis \u00e0 une personne et ne sont pas transf\u00e9rables. Les privil\u00e8ges d\u2019abonnement seront r\u00e9voqu\u00e9s sans remboursement ni cr\u00e9dit si l\u2019abonnement est utilis\u00e9 par une personne autre que le d\u00e9tenteur enregistr\u00e9. Un d\u00e9tenteur d\u2019abonnement saisonnier de Mont Cascades est tenu en tout temps de respecter le Code de conduite des skieurs alpins \/ planchistes du Qu\u00e9bec (L.R.Q., S-3,1), ainsi que toutes les r\u00e8gles et\/ou r\u00e9glementations impos\u00e9es \u00e0 l\u2019utilisation par la direction de Mont Cascades.<\/p><p>Des frais d\u2019administration de 90 $ (plus taxes) seront factur\u00e9s pour tout changement de nom ou transfert.\u00a0<strong>Les abonnements de saison ne sont ni remboursables ni transf\u00e9rables<\/strong>, mais un cr\u00e9dit d\u2019abonnement de saison peut \u00eatre \u00e9mis pour la saison suivante avec une lettre m\u00e9dicale d\u2019un m\u00e9decin fournie avant le 15 janvier 2027.<\/p><p>Mont Cascades se r\u00e9serve le droit de modifier les heures et les tarifs de la saison de ski sans pr\u00e9avis.\u00a0 Veuillez noter que pour la saison 2026-2027, la station sera ferm\u00e9e les dimanches soirs, les lundis (journ\u00e9e compl\u00e8te), et les mardis pour le ski de journ\u00e9e. La station ouvrira les mardis soirs pour le ski de soir\u00e9e. La station de ski sera ouverte lors des journ\u00e9es f\u00e9ri\u00e9es, des rel\u00e2ches scolaires ainsi que les p\u00e9riodes de vacances.<\/p><p>Le ski de soir\u00e9e commence habituellement durant la p\u00e9riode des f\u00eates et se poursuit jusqu\u2019\u00e0 la 3e semaine de mars. Veuillez noter que la station de ski ferme \u00e0 16 h les 24, 25, 31 d\u00e9cembre 2026 et le 1er janvier 2027.<\/p><p>Le co\u00fbt de remplacement d\u2019un abonnement de saison perdu est de 5 $ plus taxes.<\/p><p>\u00c2ge en date du 1er d\u00e9cembre 2026 : une pi\u00e8ce d\u2019identit\u00e9 avec photo peut \u00eatre exig\u00e9e.<\/p><p>Votre abonnement de saison est t\u00e9l\u00e9charg\u00e9 sur votre carte RFID. Votre carte RFID peut \u00eatre recharg\u00e9e chaque saison, alors conservez-la dans un endroit s\u00fbr. Lorsque vous rechargez votre abonnement de saison sur votre carte RFID en ligne, il sera automatiquement valide pour la saison suivante. Il n\u2019est pas n\u00e9cessaire de communiquer avec notre service \u00e0 la client\u00e8le pour obtenir une nouvelle carte ou pour l\u2019activer.<\/p><p><strong>Nouveaux d\u00e9tenteurs d\u2019abonnement :<\/strong> Vous pouvez r\u00e9cup\u00e9rer votre abonnement de saison pendant les heures de bureau apr\u00e8s cette date ou lors de votre premi\u00e8re visite de ski.\u00a0 \u00a0\u00a0Votre abonnement sera valide selon les heures d&rsquo;ouverture de la station pour la fin de la saison 2025-2026.<\/p><p><strong>Avantages \u00e0 l\u2019achat d\u2019un abonnement de saison 2026-2027\u00a0:<\/strong> deux billets compl\u00e9mentaires seront ajout\u00e9s \u00e0 votre profil afin que vous puissiez inviter des amis \u00e0 venir profiter du d\u00e9but de la saison au Mont Cascades.\u00a0 Les billets compl\u00e9mentaires s\u2019appliquent uniquement pour les d\u00e9tenteurs d\u2019abonnement \u00e2g\u00e9 de 7 ans et plus.\u00a0 Les billets compl\u00e9mentaires seront valides uniquement en d\u00e9cembre 2026.<\/p><p>Afin de remercier les d\u00e9tenteurs d\u2019abonnements saisonnier de l\u2019hiver 2026-2027, le Mont Cascades vous offre l\u2019opportunit\u00e9 de vous procurer un abonnement pour le parc aquatique \u00e0 un prix exclusif de 60 $ (plus taxes).\u00a0 Valide pour une dur\u00e9e limit\u00e9e.<\/p><p><strong>Horaire saison de ski 2026-2027<\/strong><\/p><table><tbody><tr><td width=\"312\"><p><strong>Dates<\/strong><\/p><\/td><td width=\"312\"><p><strong>Heures<\/strong><\/p><\/td><\/tr><tr><td width=\"312\"><p>19 au 23 d\u00e9cembre<\/p><\/td><td width=\"312\"><p>9h \u00e0 16h<\/p><\/td><\/tr><tr><td width=\"312\"><p>24 d\u00e9cembre<\/p><\/td><td width=\"312\"><p>9h \u00e0 16h<\/p><\/td><\/tr><tr><td width=\"312\"><p>25 d\u00e9cembre<\/p><\/td><td width=\"312\"><p>9h \u00e0 16h<\/p><\/td><\/tr><tr><td width=\"312\"><p>26 au 30 d\u00e9cembre<\/p><\/td><td width=\"312\"><p>9h \u00e0 21h<\/p><\/td><\/tr><tr><td width=\"312\"><p>31 d\u00e9cembre et 1<sup>er<\/sup> janvier<\/p><\/td><td width=\"312\"><p>9h \u00e0 16h<\/p><\/td><\/tr><tr><td width=\"312\"><p>2 janvier au 14 f\u00e9vrier<\/p><\/td><td width=\"312\"><p>Lundi\u00a0: Ferm\u00e9<\/p><p>Mardi\u00a0: 16h \u00e0 21h<\/p><p>Mercredi \u2013 Samedi\u00a0: 9h \u00e0 21h<\/p><p>Dimanche\u00a0: 9h \u00e0 17h<\/p><\/td><\/tr><tr><td width=\"312\"><p>15 f\u00e9vrier (Jour de la Famille)<\/p><\/td><td width=\"312\"><p>9h \u00e0 21h<\/p><\/td><\/tr><tr><td width=\"312\"><p>16 au 27 f\u00e9vrier<\/p><\/td><td width=\"312\"><p>Lundi\u00a0: Ferm\u00e9<\/p><p>Mardi\u00a0: 16h \u00e0 21h<\/p><p>Mercredi \u2013 Samedi\u00a0: 9h \u00e0 21h<\/p><p>Dimanche\u00a0: 9h \u00e0 17h<\/p><\/td><\/tr><tr><td width=\"312\"><p>28 f\u00e9vrier au 6 mars<\/p><\/td><td width=\"312\"><p>9h \u00e0 21h<\/p><\/td><\/tr><tr><td width=\"312\"><p>7 au 13 mars<\/p><\/td><td width=\"312\"><p>Lundi\u00a0: Ferm\u00e9<\/p><p>Mardi\u00a0: 16h \u00e0 21h<\/p><p>Mercredi \u2013 Samedi\u00a0: 9h \u00e0 21h<\/p><p>Dimanche\u00a0: 9h \u00e0 17h<\/p><\/td><\/tr><tr><td width=\"312\"><p>14 au 20 mars<\/p><\/td><td width=\"312\"><p>9h \u00e0 21h<\/p><\/td><\/tr><tr><td width=\"312\"><p>21 au 28 mars<\/p><\/td><td width=\"312\"><p>Lundi\u00a0: Ferm\u00e9<\/p><p>Mardi\u00a0: 16h \u00e0 21h<\/p><p>Mercredi \u2013 Dimanche : 9h \u00e0 16 h<\/p><\/td><\/tr><tr><td width=\"312\"><p>29 mars et les dates qui suivent<\/p><\/td><td width=\"312\"><p>\u00c0 d\u00e9terminer<\/p><\/td><\/tr><\/tbody><\/table><p>La derni\u00e8re remont\u00e9e pour\u00a0:<\/p><ul><li>Promenade\u00a0: 5 minutes avant la fermeture affich\u00e9e<\/li><li>Quad-Est\u00a0: 20 minutes avant la fermeture affich\u00e9e<\/li><li>Triple\u00a0: 10 minutes avant la fermeture affich\u00e9e<\/li><\/ul><p>Les heures peuvent varier selon les conditions m\u00e9t\u00e9orologiques et selon les conditions de glisse.<\/p><p>Le 20 mars est la derni\u00e8re soir\u00e9e pr\u00e9vue pour le ski de soir\u00e9e, cette date peut varier selon les conditions.<\/p><p>\u00a0<\/p><p><strong>CE QUI SUIT S\u2019APPLIQUE \u00c0 TOUS LES D\u00c9TENTEURS DE BILLETS DE REMONT\u00c9E, D\u2019ABONNEMENTS DE SAISON ET AUX PARTICIPANTS AUX COURS DE MONT CASCADES<\/strong><\/p><p>CODE DE CONDUITE EN MONTAGNE<\/p><p>Code adopt\u00e9 en vertu de la Loi sur la s\u00e9curit\u00e9 dans les sports. Ce code s\u2019applique \u00e0 toutes les personnes qui pratiquent des sports de glisse.<\/p><ul><li>Restez ma\u00eetre de votre vitesse et de votre direction. Assurez-vous de pouvoir vous arr\u00eater et \u00e9viter toute personne ou tout obstacle.<\/li><li>C\u00e9dez le passage aux personnes en aval et choisissez une trajectoire qui assure leur s\u00e9curit\u00e9.<\/li><li>Arr\u00eatez-vous sur une piste uniquement si vous \u00eates visible d\u2019en haut et si vous n\u2019obstruez pas la piste.<\/li><li>C\u00e9dez le passage aux personnes en amont lorsque vous vous engagez sur une piste et aux intersections.<\/li><li>Si vous \u00eates impliqu\u00e9 dans un accident ou si vous en \u00eates t\u00e9moin, restez sur les lieux et identifiez-vous aupr\u00e8s d\u2019un secouriste.<\/li><li>Utilisez et portez en tout temps un dispositif appropri\u00e9 pour emp\u00eacher l\u2019\u00e9quipement de s\u2019emballer.<\/li><li>Ne vous engagez pas sur les remont\u00e9es m\u00e9caniques et les pistes si vos capacit\u00e9s sont affaiblies par la consommation d\u2019alcool ou de drogues.<\/li><li>Respectez tous les panneaux et avertissements et ne vous aventurez jamais hors des pistes ou sur une piste ferm\u00e9e.<\/li><\/ul><p>Il existe des \u00e9l\u00e9ments de risque que le bon sens et la sensibilisation personnelle peuvent aider \u00e0 r\u00e9duire. Quelle que soit la fa\u00e7on dont vous d\u00e9cidez d\u2019utiliser les pentes, faites toujours preuve de courtoisie envers les autres. Respectez le code \u00e9num\u00e9r\u00e9 ci-dessus et partagez avec les autres la responsabilit\u00e9 d\u2019une exp\u00e9rience de plein air formidable. Vous devez respecter toutes les autres r\u00e8gles et tous les autres panneaux relatifs \u00e0 une activit\u00e9 particuli\u00e8re, tels qu\u2019ils sont indiqu\u00e9s par le centre de vill\u00e9giature.<\/p><p>Il est permis de fumer et de vapoter uniquement dans les zones d\u00e9sign\u00e9es. Mont Cascades est un centre de vill\u00e9giature sans cannabis.<\/p><p>Connaissez le code. Soyez conscient de la s\u00e9curit\u00e9. C\u2019est votre responsabilit\u00e9!<\/p><p>Le d\u00e9tenteur de billet et le d\u00e9tenteur d\u2019abonnement reconnaissent, acceptent et assument les risques inh\u00e9rents aux sports de glisse sur neige tels que le ski et la planche \u00e0 neige. Le d\u00e9tenteur de billet assume tous les risques de blessures corporelles ou de dommages mat\u00e9riels r\u00e9sultant desdits risques. Entre autres, la liste suivante \u00e9num\u00e8re les \u00e9l\u00e9ments consid\u00e9r\u00e9s comme des risques inh\u00e9rents \u00e0 la pratique normale d\u2019un sport de glisse sur neige :<\/p><ul><li>Les conditions climatiques changeantes;<\/li><li>Les changements dans l\u2019inclinaison de la pente;<\/li><li>La pr\u00e9sence d\u2019obstacles naturels et de tout autre \u00e9l\u00e9ment naturel, tels que les foss\u00e9s, les crevasses et les ruisseaux, les roches, la terre, les endroits d\u00e9couverts, les arbres, la repousse des arbres, les buissons naturels et les souches, etc.;<\/li><li>La glace et les plaques de glace;<\/li><li>Tout changement \u00e0 l\u2019\u00e9tat de la surface;<\/li><li>Les collisions avec des skieurs ou d\u2019autres personnes;<\/li><li>La pr\u00e9sence de pyl\u00f4nes, de poteaux et de toute autre structure utilis\u00e9e dans l\u2019exploitation du domaine skiable et les collisions avec ces \u00e9l\u00e9ments;<\/li><li>L\u2019utilisation des remont\u00e9es m\u00e9caniques;<\/li><li>La pr\u00e9sence sur les pistes d\u2019\u00e9quipement d\u2019entretien, de v\u00e9hicules d\u2019urgence et d\u2019\u00e9quipement d\u2019enneigement.<\/li><\/ul><p>Le contrat en vertu duquel le pr\u00e9sent billet de remont\u00e9e a \u00e9t\u00e9 \u00e9mis est assujetti aux lois en vigueur au Qu\u00e9bec. Le d\u00e9tenteur du pr\u00e9sent billet de remont\u00e9e, ainsi que l\u2019\u00e9metteur dudit billet, conviennent d\u2019\u00e9lire domicile dans le district judiciaire de Gatineau, province de Qu\u00e9bec, et d\u00e9clarent que celui-ci est le forum appropri\u00e9 pour toute r\u00e9clamation, de quelque nature que ce soit, d\u00e9coulant du contrat en vertu duquel le pr\u00e9sent billet a \u00e9t\u00e9 \u00e9mis.<\/p>\t\t\t\t\t\t\t\t<\/div>\n\t\t\t\t\t<\/div>\n\t\t\t\t<\/div>\n\t\t\t\t<\/div>\n\t\t","protected":false},"excerpt":{"rendered":"<p>POLITIQUES ET CONDITIONS G\u00c9N\u00c9RALES DES ABONNEMENTS DE SAISON VEUILLEZ LIRE ATTENTIVEMENT \u2013 CONDITIONS D\u2019ACHAT Saison de ski et de planche \u00e0 neige 2026-2027 La ou les personnes nomm\u00e9es dans cette [&hellip;]<\/p>\n","protected":false},"author":2,"featured_media":0,"parent":4505,"menu_order":0,"comment_status":"closed","ping_status":"closed","template":"","meta":{"_acf_changed":false,"footnotes":""},"class_list":["post-4374","page","type-page","status-publish","hentry"],"acf":[],"yoast_head":"<!-- This site is optimized with the Yoast SEO plugin v27.3 - https:\/\/yoast.com\/product\/yoast-seo-wordpress\/ -->\n<title>Politiques et conditions | Mont Cascades<\/title>\n<meta name=\"description\" content=\"Consultez les r\u00e8gles, politiques et conditions g\u00e9n\u00e9rales du Mont Cascades pour les visiteurs d\u2019Ottawa et de Gatineau.\" \/>\n<meta name=\"robots\" content=\"index, follow, max-snippet:-1, max-image-preview:large, max-video-preview:-1\" \/>\n<link rel=\"canonical\" href=\"https:\/\/montcascades.ca\/fr\/ski\/politiques-et-conditions-generales-des-abonnements-de-saison\/\" \/>\n<meta property=\"og:locale\" content=\"fr_FR\" \/>\n<meta property=\"og:type\" content=\"article\" \/>\n<meta property=\"og:title\" content=\"Politiques et conditions | Mont Cascades\" \/>\n<meta property=\"og:description\" content=\"Consultez les r\u00e8gles, politiques et conditions g\u00e9n\u00e9rales du Mont Cascades pour les visiteurs d\u2019Ottawa et de Gatineau.\" \/>\n<meta property=\"og:url\" content=\"https:\/\/montcascades.ca\/fr\/ski\/politiques-et-conditions-generales-des-abonnements-de-saison\/\" \/>\n<meta property=\"og:site_name\" content=\"Mont Cascades\" \/>\n<meta property=\"article:modified_time\" content=\"2026-03-13T14:59:30+00:00\" \/>\n<meta name=\"twitter:card\" content=\"summary_large_image\" \/>\n<meta name=\"twitter:label1\" content=\"Dur\u00e9e de lecture estim\u00e9e\" \/>\n\t<meta name=\"twitter:data1\" content=\"7 minutes\" \/>\n<script type=\"application\/ld+json\" class=\"yoast-schema-graph\">{\"@context\":\"https:\\\/\\\/schema.org\",\"@graph\":[{\"@type\":\"WebPage\",\"@id\":\"https:\\\/\\\/montcascades.ca\\\/fr\\\/ski\\\/politiques-et-conditions-generales-des-abonnements-de-saison\\\/\",\"url\":\"https:\\\/\\\/montcascades.ca\\\/fr\\\/ski\\\/politiques-et-conditions-generales-des-abonnements-de-saison\\\/\",\"name\":\"Politiques et conditions | Mont Cascades\",\"isPartOf\":{\"@id\":\"https:\\\/\\\/montcascades.ca\\\/fr\\\/#website\"},\"datePublished\":\"2025-12-16T16:56:25+00:00\",\"dateModified\":\"2026-03-13T14:59:30+00:00\",\"description\":\"Consultez les r\u00e8gles, politiques et conditions g\u00e9n\u00e9rales du Mont Cascades pour les visiteurs d\u2019Ottawa et de Gatineau.\",\"breadcrumb\":{\"@id\":\"https:\\\/\\\/montcascades.ca\\\/fr\\\/ski\\\/politiques-et-conditions-generales-des-abonnements-de-saison\\\/#breadcrumb\"},\"inLanguage\":\"fr-FR\",\"potentialAction\":[{\"@type\":\"ReadAction\",\"target\":[\"https:\\\/\\\/montcascades.ca\\\/fr\\\/ski\\\/politiques-et-conditions-generales-des-abonnements-de-saison\\\/\"]}]},{\"@type\":\"BreadcrumbList\",\"@id\":\"https:\\\/\\\/montcascades.ca\\\/fr\\\/ski\\\/politiques-et-conditions-generales-des-abonnements-de-saison\\\/#breadcrumb\",\"itemListElement\":[{\"@type\":\"ListItem\",\"position\":1,\"name\":\"Home\",\"item\":\"https:\\\/\\\/montcascades.ca\\\/fr\\\/\"},{\"@type\":\"ListItem\",\"position\":2,\"name\":\"Mont Cascades &#8211; Ski\",\"item\":\"https:\\\/\\\/montcascades.ca\\\/fr\\\/ski\\\/\"},{\"@type\":\"ListItem\",\"position\":3,\"name\":\"Politiques et conditions g\u00e9n\u00e9rales des abonnements de saison\"}]},{\"@type\":\"WebSite\",\"@id\":\"https:\\\/\\\/montcascades.ca\\\/fr\\\/#website\",\"url\":\"https:\\\/\\\/montcascades.ca\\\/fr\\\/\",\"name\":\"Mont Cascades\",\"description\":\"Mont Cascades Ski Resort; the family ski centre only 20 minutes from Ottawa.\",\"publisher\":{\"@id\":\"https:\\\/\\\/montcascades.ca\\\/fr\\\/#organization\"},\"potentialAction\":[{\"@type\":\"SearchAction\",\"target\":{\"@type\":\"EntryPoint\",\"urlTemplate\":\"https:\\\/\\\/montcascades.ca\\\/fr\\\/?s={search_term_string}\"},\"query-input\":{\"@type\":\"PropertyValueSpecification\",\"valueRequired\":true,\"valueName\":\"search_term_string\"}}],\"inLanguage\":\"fr-FR\"},{\"@type\":\"Organization\",\"@id\":\"https:\\\/\\\/montcascades.ca\\\/fr\\\/#organization\",\"name\":\"Mont Cascades\",\"url\":\"https:\\\/\\\/montcascades.ca\\\/fr\\\/\",\"logo\":{\"@type\":\"ImageObject\",\"inLanguage\":\"fr-FR\",\"@id\":\"https:\\\/\\\/montcascades.ca\\\/fr\\\/#\\\/schema\\\/logo\\\/image\\\/\",\"url\":\"https:\\\/\\\/montcascades.ca\\\/wp-content\\\/uploads\\\/2024\\\/12\\\/mont-cascades-logo.svg\",\"contentUrl\":\"https:\\\/\\\/montcascades.ca\\\/wp-content\\\/uploads\\\/2024\\\/12\\\/mont-cascades-logo.svg\",\"width\":158,\"height\":41,\"caption\":\"Mont Cascades\"},\"image\":{\"@id\":\"https:\\\/\\\/montcascades.ca\\\/fr\\\/#\\\/schema\\\/logo\\\/image\\\/\"}}]}<\/script>\n<!-- \/ Yoast SEO plugin. -->","yoast_head_json":{"title":"Politiques et conditions | Mont Cascades","description":"Consultez les r\u00e8gles, politiques et conditions g\u00e9n\u00e9rales du Mont Cascades pour les visiteurs d\u2019Ottawa et de Gatineau.","robots":{"index":"index","follow":"follow","max-snippet":"max-snippet:-1","max-image-preview":"max-image-preview:large","max-video-preview":"max-video-preview:-1"},"canonical":"https:\/\/montcascades.ca\/fr\/ski\/politiques-et-conditions-generales-des-abonnements-de-saison\/","og_locale":"fr_FR","og_type":"article","og_title":"Politiques et conditions | Mont Cascades","og_description":"Consultez les r\u00e8gles, politiques et conditions g\u00e9n\u00e9rales du Mont Cascades pour les visiteurs d\u2019Ottawa et de Gatineau.","og_url":"https:\/\/montcascades.ca\/fr\/ski\/politiques-et-conditions-generales-des-abonnements-de-saison\/","og_site_name":"Mont Cascades","article_modified_time":"2026-03-13T14:59:30+00:00","twitter_card":"summary_large_image","twitter_misc":{"Dur\u00e9e de lecture estim\u00e9e":"7 minutes"},"schema":{"@context":"https:\/\/schema.org","@graph":[{"@type":"WebPage","@id":"https:\/\/montcascades.ca\/fr\/ski\/politiques-et-conditions-generales-des-abonnements-de-saison\/","url":"https:\/\/montcascades.ca\/fr\/ski\/politiques-et-conditions-generales-des-abonnements-de-saison\/","name":"Politiques et conditions | Mont Cascades","isPartOf":{"@id":"https:\/\/montcascades.ca\/fr\/#website"},"datePublished":"2025-12-16T16:56:25+00:00","dateModified":"2026-03-13T14:59:30+00:00","description":"Consultez les r\u00e8gles, politiques et conditions g\u00e9n\u00e9rales du Mont Cascades pour les visiteurs d\u2019Ottawa et de Gatineau.","breadcrumb":{"@id":"https:\/\/montcascades.ca\/fr\/ski\/politiques-et-conditions-generales-des-abonnements-de-saison\/#breadcrumb"},"inLanguage":"fr-FR","potentialAction":[{"@type":"ReadAction","target":["https:\/\/montcascades.ca\/fr\/ski\/politiques-et-conditions-generales-des-abonnements-de-saison\/"]}]},{"@type":"BreadcrumbList","@id":"https:\/\/montcascades.ca\/fr\/ski\/politiques-et-conditions-generales-des-abonnements-de-saison\/#breadcrumb","itemListElement":[{"@type":"ListItem","position":1,"name":"Home","item":"https:\/\/montcascades.ca\/fr\/"},{"@type":"ListItem","position":2,"name":"Mont Cascades &#8211; Ski","item":"https:\/\/montcascades.ca\/fr\/ski\/"},{"@type":"ListItem","position":3,"name":"Politiques et conditions g\u00e9n\u00e9rales des abonnements de saison"}]},{"@type":"WebSite","@id":"https:\/\/montcascades.ca\/fr\/#website","url":"https:\/\/montcascades.ca\/fr\/","name":"Mont Cascades","description":"Mont Cascades Ski Resort; the family ski centre only 20 minutes from Ottawa.","publisher":{"@id":"https:\/\/montcascades.ca\/fr\/#organization"},"potentialAction":[{"@type":"SearchAction","target":{"@type":"EntryPoint","urlTemplate":"https:\/\/montcascades.ca\/fr\/?s={search_term_string}"},"query-input":{"@type":"PropertyValueSpecification","valueRequired":true,"valueName":"search_term_string"}}],"inLanguage":"fr-FR"},{"@type":"Organization","@id":"https:\/\/montcascades.ca\/fr\/#organization","name":"Mont Cascades","url":"https:\/\/montcascades.ca\/fr\/","logo":{"@type":"ImageObject","inLanguage":"fr-FR","@id":"https:\/\/montcascades.ca\/fr\/#\/schema\/logo\/image\/","url":"https:\/\/montcascades.ca\/wp-content\/uploads\/2024\/12\/mont-cascades-logo.svg","contentUrl":"https:\/\/montcascades.ca\/wp-content\/uploads\/2024\/12\/mont-cascades-logo.svg","width":158,"height":41,"caption":"Mont Cascades"},"image":{"@id":"https:\/\/montcascades.ca\/fr\/#\/schema\/logo\/image\/"}}]}},"_links":{"self":[{"href":"https:\/\/montcascades.ca\/fr\/wp-json\/wp\/v2\/pages\/4374","targetHints":{"allow":["GET"]}}],"collection":[{"href":"https:\/\/montcascades.ca\/fr\/wp-json\/wp\/v2\/pages"}],"about":[{"href":"https:\/\/montcascades.ca\/fr\/wp-json\/wp\/v2\/types\/page"}],"author":[{"embeddable":true,"href":"https:\/\/montcascades.ca\/fr\/wp-json\/wp\/v2\/users\/2"}],"replies":[{"embeddable":true,"href":"https:\/\/montcascades.ca\/fr\/wp-json\/wp\/v2\/comments?post=4374"}],"version-history":[{"count":13,"href":"https:\/\/montcascades.ca\/fr\/wp-json\/wp\/v2\/pages\/4374\/revisions"}],"predecessor-version":[{"id":5682,"href":"https:\/\/montcascades.ca\/fr\/wp-json\/wp\/v2\/pages\/4374\/revisions\/5682"}],"up":[{"embeddable":true,"href":"https:\/\/montcascades.ca\/fr\/wp-json\/wp\/v2\/pages\/4505"}],"wp:attachment":[{"href":"https:\/\/montcascades.ca\/fr\/wp-json\/wp\/v2\/media?parent=4374"}],"curies":[{"name":"wp","href":"https:\/\/api.w.org\/{rel}","templated":true}]}}