{"id":4353,"date":"2025-12-18T15:18:52","date_gmt":"2025-12-18T20:18:52","guid":{"rendered":"https:\/\/montcascade.s2.whc.webmarketersdev.ca\/services-et-installations\/"},"modified":"2025-12-18T17:18:06","modified_gmt":"2025-12-18T22:18:06","slug":"services-et-installations","status":"publish","type":"page","link":"https:\/\/montcascades.ca\/fr\/ski\/services-et-installations\/","title":{"rendered":"Services et installations"},"content":{"rendered":"","protected":false},"excerpt":{"rendered":"","protected":false},"author":2,"featured_media":0,"parent":4505,"menu_order":0,"comment_status":"closed","ping_status":"closed","template":"","meta":{"_acf_changed":false,"footnotes":""},"class_list":["post-4353","page","type-page","status-publish","hentry"],"acf":[],"yoast_head":"<!-- This site is optimized with the Yoast SEO plugin v27.3 - https:\/\/yoast.com\/product\/yoast-seo-wordpress\/ -->\n<title>Services et installations | Mont Cascades<\/title>\n<meta name=\"description\" content=\"Le Mont Cascades offre des installations compl\u00e8tes \u00e0 Gatineau avec chalets, locations, restauration et acc\u00e8s facile depuis Ottawa.\" \/>\n<meta name=\"robots\" content=\"index, follow, max-snippet:-1, max-image-preview:large, max-video-preview:-1\" \/>\n<link rel=\"canonical\" href=\"https:\/\/montcascades.ca\/fr\/ski\/services-et-installations\/\" \/>\n<meta property=\"og:locale\" content=\"fr_FR\" \/>\n<meta property=\"og:type\" content=\"article\" \/>\n<meta property=\"og:title\" content=\"Services et installations | Mont Cascades\" \/>\n<meta property=\"og:description\" content=\"Le Mont Cascades offre des installations compl\u00e8tes \u00e0 Gatineau avec chalets, locations, restauration et acc\u00e8s facile depuis Ottawa.\" \/>\n<meta property=\"og:url\" content=\"https:\/\/montcascades.ca\/fr\/ski\/services-et-installations\/\" \/>\n<meta property=\"og:site_name\" content=\"Mont Cascades\" \/>\n<meta property=\"article:modified_time\" content=\"2025-12-18T22:18:06+00:00\" \/>\n<meta name=\"twitter:card\" content=\"summary_large_image\" \/>\n<script type=\"application\/ld+json\" class=\"yoast-schema-graph\">{\"@context\":\"https:\\\/\\\/schema.org\",\"@graph\":[{\"@type\":\"WebPage\",\"@id\":\"https:\\\/\\\/montcascades.ca\\\/fr\\\/ski\\\/services-et-installations\\\/\",\"url\":\"https:\\\/\\\/montcascades.ca\\\/fr\\\/ski\\\/services-et-installations\\\/\",\"name\":\"Services et installations | Mont Cascades\",\"isPartOf\":{\"@id\":\"https:\\\/\\\/montcascades.ca\\\/fr\\\/#website\"},\"datePublished\":\"2025-12-18T20:18:52+00:00\",\"dateModified\":\"2025-12-18T22:18:06+00:00\",\"description\":\"Le Mont Cascades offre des installations compl\u00e8tes \u00e0 Gatineau avec chalets, locations, restauration et acc\u00e8s facile depuis Ottawa.\",\"breadcrumb\":{\"@id\":\"https:\\\/\\\/montcascades.ca\\\/fr\\\/ski\\\/services-et-installations\\\/#breadcrumb\"},\"inLanguage\":\"fr-FR\",\"potentialAction\":[{\"@type\":\"ReadAction\",\"target\":[\"https:\\\/\\\/montcascades.ca\\\/fr\\\/ski\\\/services-et-installations\\\/\"]}]},{\"@type\":\"BreadcrumbList\",\"@id\":\"https:\\\/\\\/montcascades.ca\\\/fr\\\/ski\\\/services-et-installations\\\/#breadcrumb\",\"itemListElement\":[{\"@type\":\"ListItem\",\"position\":1,\"name\":\"Home\",\"item\":\"https:\\\/\\\/montcascades.ca\\\/fr\\\/\"},{\"@type\":\"ListItem\",\"position\":2,\"name\":\"Mont Cascades &#8211; Ski\",\"item\":\"https:\\\/\\\/montcascades.ca\\\/fr\\\/ski\\\/\"},{\"@type\":\"ListItem\",\"position\":3,\"name\":\"Services et installations\"}]},{\"@type\":\"WebSite\",\"@id\":\"https:\\\/\\\/montcascades.ca\\\/fr\\\/#website\",\"url\":\"https:\\\/\\\/montcascades.ca\\\/fr\\\/\",\"name\":\"Mont Cascades\",\"description\":\"Mont Cascades Ski Resort; the family ski centre only 20 minutes from Ottawa.\",\"publisher\":{\"@id\":\"https:\\\/\\\/montcascades.ca\\\/fr\\\/#organization\"},\"potentialAction\":[{\"@type\":\"SearchAction\",\"target\":{\"@type\":\"EntryPoint\",\"urlTemplate\":\"https:\\\/\\\/montcascades.ca\\\/fr\\\/?s={search_term_string}\"},\"query-input\":{\"@type\":\"PropertyValueSpecification\",\"valueRequired\":true,\"valueName\":\"search_term_string\"}}],\"inLanguage\":\"fr-FR\"},{\"@type\":\"Organization\",\"@id\":\"https:\\\/\\\/montcascades.ca\\\/fr\\\/#organization\",\"name\":\"Mont Cascades\",\"url\":\"https:\\\/\\\/montcascades.ca\\\/fr\\\/\",\"logo\":{\"@type\":\"ImageObject\",\"inLanguage\":\"fr-FR\",\"@id\":\"https:\\\/\\\/montcascades.ca\\\/fr\\\/#\\\/schema\\\/logo\\\/image\\\/\",\"url\":\"https:\\\/\\\/montcascades.ca\\\/wp-content\\\/uploads\\\/2024\\\/12\\\/mont-cascades-logo.svg\",\"contentUrl\":\"https:\\\/\\\/montcascades.ca\\\/wp-content\\\/uploads\\\/2024\\\/12\\\/mont-cascades-logo.svg\",\"width\":158,\"height\":41,\"caption\":\"Mont Cascades\"},\"image\":{\"@id\":\"https:\\\/\\\/montcascades.ca\\\/fr\\\/#\\\/schema\\\/logo\\\/image\\\/\"}}]}<\/script>\n<!-- \/ Yoast SEO plugin. -->","yoast_head_json":{"title":"Services et installations | Mont Cascades","description":"Le Mont Cascades offre des installations compl\u00e8tes \u00e0 Gatineau avec chalets, locations, restauration et acc\u00e8s facile depuis Ottawa.","robots":{"index":"index","follow":"follow","max-snippet":"max-snippet:-1","max-image-preview":"max-image-preview:large","max-video-preview":"max-video-preview:-1"},"canonical":"https:\/\/montcascades.ca\/fr\/ski\/services-et-installations\/","og_locale":"fr_FR","og_type":"article","og_title":"Services et installations | Mont Cascades","og_description":"Le Mont Cascades offre des installations compl\u00e8tes \u00e0 Gatineau avec chalets, locations, restauration et acc\u00e8s facile depuis Ottawa.","og_url":"https:\/\/montcascades.ca\/fr\/ski\/services-et-installations\/","og_site_name":"Mont Cascades","article_modified_time":"2025-12-18T22:18:06+00:00","twitter_card":"summary_large_image","schema":{"@context":"https:\/\/schema.org","@graph":[{"@type":"WebPage","@id":"https:\/\/montcascades.ca\/fr\/ski\/services-et-installations\/","url":"https:\/\/montcascades.ca\/fr\/ski\/services-et-installations\/","name":"Services et installations | Mont Cascades","isPartOf":{"@id":"https:\/\/montcascades.ca\/fr\/#website"},"datePublished":"2025-12-18T20:18:52+00:00","dateModified":"2025-12-18T22:18:06+00:00","description":"Le Mont Cascades offre des installations compl\u00e8tes \u00e0 Gatineau avec chalets, locations, restauration et acc\u00e8s facile depuis Ottawa.","breadcrumb":{"@id":"https:\/\/montcascades.ca\/fr\/ski\/services-et-installations\/#breadcrumb"},"inLanguage":"fr-FR","potentialAction":[{"@type":"ReadAction","target":["https:\/\/montcascades.ca\/fr\/ski\/services-et-installations\/"]}]},{"@type":"BreadcrumbList","@id":"https:\/\/montcascades.ca\/fr\/ski\/services-et-installations\/#breadcrumb","itemListElement":[{"@type":"ListItem","position":1,"name":"Home","item":"https:\/\/montcascades.ca\/fr\/"},{"@type":"ListItem","position":2,"name":"Mont Cascades &#8211; Ski","item":"https:\/\/montcascades.ca\/fr\/ski\/"},{"@type":"ListItem","position":3,"name":"Services et installations"}]},{"@type":"WebSite","@id":"https:\/\/montcascades.ca\/fr\/#website","url":"https:\/\/montcascades.ca\/fr\/","name":"Mont Cascades","description":"Mont Cascades Ski Resort; the family ski centre only 20 minutes from Ottawa.","publisher":{"@id":"https:\/\/montcascades.ca\/fr\/#organization"},"potentialAction":[{"@type":"SearchAction","target":{"@type":"EntryPoint","urlTemplate":"https:\/\/montcascades.ca\/fr\/?s={search_term_string}"},"query-input":{"@type":"PropertyValueSpecification","valueRequired":true,"valueName":"search_term_string"}}],"inLanguage":"fr-FR"},{"@type":"Organization","@id":"https:\/\/montcascades.ca\/fr\/#organization","name":"Mont Cascades","url":"https:\/\/montcascades.ca\/fr\/","logo":{"@type":"ImageObject","inLanguage":"fr-FR","@id":"https:\/\/montcascades.ca\/fr\/#\/schema\/logo\/image\/","url":"https:\/\/montcascades.ca\/wp-content\/uploads\/2024\/12\/mont-cascades-logo.svg","contentUrl":"https:\/\/montcascades.ca\/wp-content\/uploads\/2024\/12\/mont-cascades-logo.svg","width":158,"height":41,"caption":"Mont Cascades"},"image":{"@id":"https:\/\/montcascades.ca\/fr\/#\/schema\/logo\/image\/"}}]}},"_links":{"self":[{"href":"https:\/\/montcascades.ca\/fr\/wp-json\/wp\/v2\/pages\/4353","targetHints":{"allow":["GET"]}}],"collection":[{"href":"https:\/\/montcascades.ca\/fr\/wp-json\/wp\/v2\/pages"}],"about":[{"href":"https:\/\/montcascades.ca\/fr\/wp-json\/wp\/v2\/types\/page"}],"author":[{"embeddable":true,"href":"https:\/\/montcascades.ca\/fr\/wp-json\/wp\/v2\/users\/2"}],"replies":[{"embeddable":true,"href":"https:\/\/montcascades.ca\/fr\/wp-json\/wp\/v2\/comments?post=4353"}],"version-history":[{"count":1,"href":"https:\/\/montcascades.ca\/fr\/wp-json\/wp\/v2\/pages\/4353\/revisions"}],"predecessor-version":[{"id":4506,"href":"https:\/\/montcascades.ca\/fr\/wp-json\/wp\/v2\/pages\/4353\/revisions\/4506"}],"up":[{"embeddable":true,"href":"https:\/\/montcascades.ca\/fr\/wp-json\/wp\/v2\/pages\/4505"}],"wp:attachment":[{"href":"https:\/\/montcascades.ca\/fr\/wp-json\/wp\/v2\/media?parent=4353"}],"curies":[{"name":"wp","href":"https:\/\/api.w.org\/{rel}","templated":true}]}}